{"id":10,"date":"2026-01-16T19:54:22","date_gmt":"2026-01-16T19:54:22","guid":{"rendered":"https:\/\/medikosbeauty.com\/?page_id=10"},"modified":"2026-01-17T10:53:25","modified_gmt":"2026-01-17T10:53:25","slug":"about-14","status":"publish","type":"page","link":"https:\/\/medikosbeauty.com\/?page_id=10","title":{"rendered":"\u0130leti\u015fim"},"content":{"rendered":"\n<div class=\"wp-block-group has-mono-1-background-color has-background is-layout-flow wp-container-core-group-is-layout-ce397403 wp-block-group-is-layout-flow\" style=\"margin-top:0;margin-bottom:0;padding-top:0;padding-right:0;padding-bottom:0;padding-left:0\">\n<div class=\"wp-block-cover is-light\" style=\"padding-top:var(--wp--preset--spacing--superbspacing-xlarge);padding-right:0;padding-bottom:var(--wp--preset--spacing--superbspacing-xlarge);padding-left:0;min-height:50px;aspect-ratio:unset;\"><img fetchpriority=\"high\" decoding=\"async\" width=\"736\" height=\"910\" class=\"wp-block-cover__image-background wp-image-63 size-full\" alt=\"\" src=\"https:\/\/medikosbeauty.com\/wp-content\/uploads\/2026\/01\/3f0d6f93c75c5e7a7d928a9ca3e38a8b-2.jpg\" style=\"object-position:48% 56%\" data-object-fit=\"cover\" data-object-position=\"48% 56%\"\/><span aria-hidden=\"true\" class=\"wp-block-cover__background has-background-dim-40 has-background-dim\" style=\"background-color:#908985\"><\/span><div class=\"wp-block-cover__inner-container is-layout-flow wp-block-cover-is-layout-flow\">\n<div class=\"wp-block-group has-global-padding is-layout-constrained wp-container-core-group-is-layout-27ec71c5 wp-block-group-is-layout-constrained\" style=\"padding-top:0;padding-right:var(--wp--preset--spacing--superbspacing-small);padding-bottom:0;padding-left:var(--wp--preset--spacing--superbspacing-small)\">\n<div class=\"wp-block-group has-global-padding is-content-justification-center is-layout-constrained wp-container-core-group-is-layout-32b5ec3b wp-block-group-is-layout-constrained\" style=\"margin-top:0;margin-bottom:0\">\n<h1 class=\"wp-block-heading has-text-align-center has-text-color has-superbfont-xxlarge-font-size\" style=\"color:#fdfdfd;font-style:normal;font-weight:400\">Randevu &amp; \u0130leti\u015fim<\/h1>\n\n\n\n<p class=\"has-text-align-center has-text-color has-superbfont-small-font-size\" style=\"color:#fdfdfd;margin-bottom:var(--wp--preset--spacing--superbspacing-small)\"><strong>\u00c7al\u0131\u015fma Saatlerimiz:<\/strong><br>Pazartesi \u2013 Cumartesi: 10:00 \u2013 20:00<br>Pazar: Kapal\u0131<\/p>\n\n\n\n<div class=\"wp-block-buttons is-content-justification-center is-layout-flex wp-container-core-buttons-is-layout-a89b3969 wp-block-buttons-is-layout-flex\">\n<div class=\"wp-block-button is-style-outline is-style-outline--1\"><a class=\"wp-block-button__link has-contrast-light-color has-text-color has-link-color has-border-color has-contrast-light-border-color has-text-align-left wp-element-button\" href=\"https:\/\/wa.me\/905316613444?text=Merhaba,%20randevu%20almak%20istiyorum\" style=\"border-width:1px\">Whatsapp<\/a><\/div>\n\n\n\n<div class=\"wp-block-button\"><a class=\"wp-block-button__link wp-element-button\" href=\"https:\/\/www.google.com\/maps\/search\/?api=1&amp;query=Medikos+Beauty+Fikirtepe+R\u00fczgar+Sk.+No:44+A1\/5+Kad\u0131k\u00f6y+\u0130stanbul\">Find us on Google Maps<\/a><\/div>\n<\/div>\n<\/div>\n<\/div>\n<\/div><\/div>\n<\/div>\n\n\n\n<div class=\"wp-block-group alignfull has-mono-4-background-color has-background has-global-padding is-layout-constrained wp-container-core-group-is-layout-129f6e7c wp-block-group-is-layout-constrained\" style=\"margin-top:0;margin-bottom:0;padding-top:var(--wp--preset--spacing--superbspacing-large);padding-right:var(--wp--preset--spacing--superbspacing-small);padding-bottom:var(--wp--preset--spacing--superbspacing-large);padding-left:var(--wp--preset--spacing--superbspacing-small)\">\n<div class=\"wp-block-columns alignwide is-layout-flex wp-container-core-columns-is-layout-25593187 wp-block-columns-is-layout-flex\">\n<div class=\"wp-block-column is-vertically-aligned-center is-layout-flow wp-container-core-column-is-layout-a1628350 wp-block-column-is-layout-flow\" style=\"padding-top:0;padding-right:0;padding-bottom:0;padding-left:0\">\n<div class=\"wp-block-group is-layout-flow wp-container-core-group-is-layout-ff697075 wp-block-group-is-layout-flow\">\n<h3 class=\"wp-block-heading has-text-align-left has-superbfont-xlarge-font-size\" style=\"line-height:1.2\">Kalite &amp; G\u00fcven<\/h3>\n\n\n\n<p class=\"has-mono-2-color has-text-color has-link-color wp-elements-22bd60d4ca5c1158e1f4778a0d538717\"><strong>Uzman Ekip:<\/strong> Alan\u0131nda deneyimli ve profesyonel kadro<\/p>\n\n\n\n<p><strong>Hijyen:<\/strong> Y\u00fcksek hijyen ve sterilizasyon standartlar\u0131<\/p>\n\n\n\n<p><strong>Kaliteli \u00dcr\u00fcnler:<\/strong> G\u00fcvenilir ve profesyonel markalar<\/p>\n\n\n\n<p><strong>G\u00fcncel Teknikler:<\/strong> En yeni uygulama ve y\u00f6ntemler<\/p>\n\n\n\n<p class=\"has-mono-2-color has-text-color has-link-color wp-elements-e3e6cf358bf0fb44a440fc016e59f20b\"><strong>Ki\u015fiye \u00d6zel Uygulamalar:<\/strong> \u0130htiyaca ve stile uygun \u00e7\u00f6z\u00fcmler<\/p>\n<\/div>\n\n\n\n<div class=\"wp-block-buttons is-layout-flex wp-container-core-buttons-is-layout-69f3c5ca wp-block-buttons-is-layout-flex\">\n<div class=\"wp-block-button is-style-outline is-style-outline--2\"><a class=\"wp-block-button__link has-superbfont-small-font-size has-custom-font-size wp-element-button\" style=\"padding-top:var(--wp--preset--spacing--superbspacing-xsmall);padding-right:var(--wp--preset--spacing--superbspacing-xsmall);padding-bottom:var(--wp--preset--spacing--superbspacing-xsmall);padding-left:var(--wp--preset--spacing--superbspacing-xsmall)\">+90 531 661 34 44<\/a><\/div>\n\n\n\n<div class=\"wp-block-button\"><a class=\"wp-block-button__link has-superbfont-small-font-size has-custom-font-size wp-element-button\" href=\"https:\/\/wa.me\/905316613444\" style=\"padding-top:var(--wp--preset--spacing--superbspacing-xsmall);padding-right:var(--wp--preset--spacing--superbspacing-xsmall);padding-bottom:var(--wp--preset--spacing--superbspacing-xsmall);padding-left:var(--wp--preset--spacing--superbspacing-xsmall)\">Contact us<\/a><\/div>\n<\/div>\n<\/div>\n\n\n\n<div class=\"wp-block-column is-vertically-aligned-center is-layout-flow wp-container-core-column-is-layout-40a2a7e8 wp-block-column-is-layout-flow\" style=\"padding-right:0;padding-bottom:0;padding-left:0\">\n<figure class=\"wp-block-image size-large has-custom-border\"><img decoding=\"async\" width=\"575\" height=\"1024\" src=\"https:\/\/medikosbeauty.com\/wp-content\/uploads\/2026\/01\/54fefe4b3a9840e0d7bfc42d79e12b5d-1-575x1024.jpg\" alt=\"\" class=\"wp-image-53\" style=\"border-radius:0px;aspect-ratio:1;object-fit:cover\" srcset=\"https:\/\/medikosbeauty.com\/wp-content\/uploads\/2026\/01\/54fefe4b3a9840e0d7bfc42d79e12b5d-1-575x1024.jpg 575w, https:\/\/medikosbeauty.com\/wp-content\/uploads\/2026\/01\/54fefe4b3a9840e0d7bfc42d79e12b5d-1-561x1000.jpg 561w, https:\/\/medikosbeauty.com\/wp-content\/uploads\/2026\/01\/54fefe4b3a9840e0d7bfc42d79e12b5d-1.jpg 736w\" sizes=\"(max-width: 575px) 100vw, 575px\" \/><\/figure>\n<\/div>\n<\/div>\n<\/div>\n\n\n\n<div class=\"wp-block-group alignfull has-global-padding is-layout-constrained wp-container-core-group-is-layout-8bbd0b3b wp-block-group-is-layout-constrained\" style=\"margin-top:0;margin-bottom:0;padding-top:var(--wp--preset--spacing--superbspacing-large);padding-right:var(--wp--preset--spacing--superbspacing-small);padding-bottom:var(--wp--preset--spacing--superbspacing-large);padding-left:var(--wp--preset--spacing--superbspacing-small)\">\n<figure class=\"wp-block-image alignwide size-full\"><img decoding=\"async\" width=\"1200\" height=\"1600\" src=\"https:\/\/medikosbeauty.com\/wp-content\/uploads\/2026\/01\/684a3022213b4709a0865b77990aa3f0-2.jpg\" alt=\"\" class=\"wp-image-52\" srcset=\"https:\/\/medikosbeauty.com\/wp-content\/uploads\/2026\/01\/684a3022213b4709a0865b77990aa3f0-2.jpg 1200w, https:\/\/medikosbeauty.com\/wp-content\/uploads\/2026\/01\/684a3022213b4709a0865b77990aa3f0-2-750x1000.jpg 750w, https:\/\/medikosbeauty.com\/wp-content\/uploads\/2026\/01\/684a3022213b4709a0865b77990aa3f0-2-768x1024.jpg 768w, https:\/\/medikosbeauty.com\/wp-content\/uploads\/2026\/01\/684a3022213b4709a0865b77990aa3f0-2-1152x1536.jpg 1152w\" sizes=\"(max-width: 1200px) 100vw, 1200px\" \/><\/figure>\n\n\n\n<div class=\"wp-block-group alignwide has-global-padding is-layout-constrained wp-container-core-group-is-layout-44bcd671 wp-block-group-is-layout-constrained\" style=\"padding-top:var(--wp--preset--spacing--superbspacing-xsmall);padding-bottom:var(--wp--preset--spacing--superbspacing-xsmall)\">\n<p class=\"has-featured-color has-text-color has-link-color has-superbfont-small-font-size wp-elements-e24d291ba4c1a9b31b9eed311e124d1f\"><\/p>\n\n\n\n<h2 class=\"wp-block-heading has-text-align-left has-superbfont-xlarge-font-size\" style=\"line-height:1.2\">Sa\u00e7 Uygulamalar\u0131 Nas\u0131l Yap\u0131l\u0131r?<br><\/h2>\n<\/div>\n\n\n\n<div class=\"wp-block-columns alignwide is-layout-flex wp-container-core-columns-is-layout-25593187 wp-block-columns-is-layout-flex\">\n<div class=\"wp-block-column is-vertically-aligned-center is-layout-flow wp-container-core-column-is-layout-a1628350 wp-block-column-is-layout-flow\" style=\"padding-top:0;padding-right:0;padding-bottom:0;padding-left:0\">\n<div class=\"wp-block-group is-layout-flow wp-container-core-group-is-layout-ff697075 wp-block-group-is-layout-flow\">\n<p class=\"has-text-align-left has-mono-2-color has-text-color has-superbfont-small-font-size\">Sa\u00e7 uygulamalar\u0131, ki\u015finin sa\u00e7 yap\u0131s\u0131na, y\u00fcz hatlar\u0131na ve tarz\u0131na uygun olarak planlanan profesyonel i\u015flemler b\u00fct\u00fcn\u00fcd\u00fcr. Medikos Beauty\u2019de uygulamalar\u0131m\u0131z, her ad\u0131mda \u00f6zen ve uzmanl\u0131k gerektirir. \u0130\u015flem s\u00fcreci genel olarak \u015fu \u015fekilde ilerler:<\/p>\n\n\n\n<p class=\"has-text-align-left has-mono-2-color has-text-color has-superbfont-small-font-size\"><br>1. Dan\u0131\u015fmanl\u0131k ve Analiz<\/p>\n\n\n\n<p class=\"has-text-align-left has-mono-2-color has-text-color has-superbfont-small-font-size\">Her uygulama \u00f6ncesi uzmanlar\u0131m\u0131z sa\u00e7 yap\u0131n\u0131z\u0131, sa\u00e7 sa\u011fl\u0131\u011f\u0131n\u0131z\u0131 ve beklentilerinizi de\u011ferlendirir. Y\u00fcz \u015fekliniz, mevcut sa\u00e7 rengi ve yo\u011funlu\u011fu dikkate al\u0131narak size en uygun kesim, renk veya bak\u0131m plan\u0131 olu\u015fturulur. Bu a\u015fama, hem do\u011fal hem de uzun s\u00fcre kal\u0131c\u0131 sonu\u00e7lar i\u00e7in kritik \u00f6neme sahiptir.<br>Maecenas pulvinar neque felis, eget scelerisque sem laoreet vitae. Etiam suscipit mauris at mollis consectetur. Aenean blandit aliquam purus pretium elementum.<br><br>2. Haz\u0131rl\u0131k<\/p>\n\n\n\n<p class=\"has-text-align-left has-mono-2-color has-text-color has-superbfont-small-font-size\">Sa\u00e7 uygulamas\u0131na ba\u015flamadan \u00f6nce sa\u00e7\u0131n\u0131z temizlenir ve gerekirse bak\u0131m \u00fcr\u00fcnleri uygulan\u0131r. Bu a\u015fama, sa\u00e7\u0131n i\u015flem s\u0131ras\u0131nda zarar g\u00f6rmesini \u00f6nler ve renk ya da kesim sonu\u00e7lar\u0131n\u0131n kusursuz olmas\u0131n\u0131 sa\u011flar.<\/p>\n<\/div>\n<\/div>\n\n\n\n<div class=\"wp-block-column is-vertically-aligned-center is-layout-flow wp-container-core-column-is-layout-40a2a7e8 wp-block-column-is-layout-flow\" style=\"padding-right:0;padding-bottom:0;padding-left:0\">\n<p class=\"has-text-align-left has-mono-2-color has-text-color has-superbfont-small-font-size\">3. Kesim ve \u015eekillendirme<\/p>\n\n\n\n<p class=\"has-text-align-left has-mono-2-color has-text-color has-superbfont-small-font-size\">Uzman kuaf\u00f6rlerimiz, sa\u00e7 kesimini ve \u015fekillendirmeyi y\u00fcz hatlar\u0131n\u0131za ve stilinize uygun olarak ger\u00e7ekle\u015ftirir. Katl\u0131 kesimler, modern stiller ve klasik kesimler, ki\u015fiye \u00f6zel olarak uygulan\u0131r. Bu ad\u0131mda kullan\u0131lan teknikler, sa\u00e7\u0131n sa\u011fl\u0131\u011f\u0131n\u0131 korumaya odakl\u0131d\u0131r.<br>Vestibulum pellentesque metus cursus ligula luctus, vel lacinia enim pulvinar. Praesent quis tincidunt ante, non cursus erat. Duis pellentesque bibendum condimentum. Praesent sit amet purus fermentum, semper sem sit amet, tempor ligula. In id pulvinar libero. Etiam odio urna, lobortis non maximus at, convallis sed diam. Aliquam erat volutpat.<br><br>4. Renk ve Boyama \u0130\u015flemleri<\/p>\n\n\n\n<p class=\"has-text-align-left has-mono-2-color has-text-color has-superbfont-small-font-size\">Ombre, sombre, balyaj veya klasik renklendirme i\u015flemleri, sa\u00e7\u0131n yap\u0131s\u0131na uygun profesyonel boyalar kullan\u0131larak yap\u0131l\u0131r. Renk se\u00e7imi, ten rengi ve do\u011fal sa\u00e7 rengi g\u00f6z \u00f6n\u00fcnde bulundurularak belirlenir. Boyama s\u0131ras\u0131nda \u00f6zel koruyucu ve besleyici \u00fcr\u00fcnler kullan\u0131l\u0131r.<br><br>5. Bak\u0131m ve Son R\u00f6tu\u015flar<br>Uygulama tamamland\u0131ktan sonra sa\u00e7lar, nemlendirici ve besleyici maskelerle desteklenir. Sa\u00e7\u0131n\u0131z\u0131n parlak, sa\u011fl\u0131kl\u0131 ve canl\u0131 g\u00f6r\u00fcnmesi sa\u011flan\u0131r. Son a\u015famada ise \u015fekillendirme ile sa\u00e7\u0131n\u0131z, istedi\u011finiz tarzda tamamlan\u0131r.<\/p>\n\n\n\n<p class=\"has-text-align-left has-mono-2-color has-text-color has-superbfont-small-font-size\">6. Uzun S\u00fcreli Sonu\u00e7lar i\u00e7in \u00d6neriler<br>Uzman ekibimiz, evde bak\u0131m ve sa\u00e7 sa\u011fl\u0131\u011f\u0131n\u0131 koruma \u00f6nerilerini payla\u015f\u0131r. Bu sayede sa\u00e7lar\u0131n\u0131z hem sa\u011fl\u0131kl\u0131 kal\u0131r hem de uygulaman\u0131n etkisi uzun s\u00fcre korunur.<\/p>\n<\/div>\n<\/div>\n<\/div>\n\n\n\n<div class=\"wp-block-group alignfull has-global-padding is-layout-constrained wp-container-core-group-is-layout-4aa643fe wp-block-group-is-layout-constrained\" style=\"margin-top:0;margin-bottom:0;padding-top:var(--wp--preset--spacing--superbspacing-large);padding-right:var(--wp--preset--spacing--superbspacing-small);padding-bottom:var(--wp--preset--spacing--superbspacing-large);padding-left:var(--wp--preset--spacing--superbspacing-small)\"><\/div>\n\n\n\n<p><\/p>\n","protected":false},"excerpt":{"rendered":"<p>Kalite &amp; G\u00fcven Uzman Ekip: Alan\u0131nda deneyimli ve profesyonel kadro Hijyen: Y\u00fcksek hijyen ve sterilizasyon standartlar\u0131 Kaliteli \u00dcr\u00fcnler: G\u00fcvenilir ve profesyonel markalar G\u00fcncel Teknikler: En yeni uygulama ve y\u00f6ntemler Ki\u015fiye \u00d6zel Uygulamalar: \u0130htiyaca ve stile uygun \u00e7\u00f6z\u00fcmler Sa\u00e7 Uygulamalar\u0131 Nas\u0131l Yap\u0131l\u0131r? Sa\u00e7 uygulamalar\u0131, ki\u015finin sa\u00e7 yap\u0131s\u0131na, y\u00fcz hatlar\u0131na ve tarz\u0131na uygun olarak planlanan profesyonel i\u015flemler [&hellip;]<\/p>\n","protected":false},"author":1,"featured_media":0,"parent":0,"menu_order":0,"comment_status":"closed","ping_status":"closed","template":"superbaddons-page-template","meta":{"footnotes":""},"class_list":["post-10","page","type-page","status-publish","hentry"],"_links":{"self":[{"href":"https:\/\/medikosbeauty.com\/index.php?rest_route=\/wp\/v2\/pages\/10","targetHints":{"allow":["GET"]}}],"collection":[{"href":"https:\/\/medikosbeauty.com\/index.php?rest_route=\/wp\/v2\/pages"}],"about":[{"href":"https:\/\/medikosbeauty.com\/index.php?rest_route=\/wp\/v2\/types\/page"}],"author":[{"embeddable":true,"href":"https:\/\/medikosbeauty.com\/index.php?rest_route=\/wp\/v2\/users\/1"}],"replies":[{"embeddable":true,"href":"https:\/\/medikosbeauty.com\/index.php?rest_route=%2Fwp%2Fv2%2Fcomments&post=10"}],"version-history":[{"count":5,"href":"https:\/\/medikosbeauty.com\/index.php?rest_route=\/wp\/v2\/pages\/10\/revisions"}],"predecessor-version":[{"id":65,"href":"https:\/\/medikosbeauty.com\/index.php?rest_route=\/wp\/v2\/pages\/10\/revisions\/65"}],"wp:attachment":[{"href":"https:\/\/medikosbeauty.com\/index.php?rest_route=%2Fwp%2Fv2%2Fmedia&parent=10"}],"curies":[{"name":"wp","href":"https:\/\/api.w.org\/{rel}","templated":true}]}}